{"id":431,"date":"2025-10-05T22:19:23","date_gmt":"2025-10-06T01:19:23","guid":{"rendered":"https:\/\/soludigital.dev.br\/h2o\/?page_id=431"},"modified":"2025-11-10T10:46:46","modified_gmt":"2025-11-10T13:46:46","slug":"download-catalogo","status":"publish","type":"page","link":"https:\/\/soludigital.dev.br\/h2o\/download-catalogo\/","title":{"rendered":"Download Catalogo"},"content":{"rendered":"\t\t<div data-elementor-type=\"wp-page\" data-elementor-id=\"431\" class=\"elementor elementor-431\" data-elementor-post-type=\"page\">\n\t\t\t\t<div class=\"elementor-element elementor-element-be41fdf e-flex e-con-boxed e-con e-parent\" data-id=\"be41fdf\" data-element_type=\"container\">\n\t\t\t\t\t<div class=\"e-con-inner\">\n\t\t\t\t<div class=\"elementor-element elementor-element-e2d2129 elementor-widget elementor-widget-heading\" data-id=\"e2d2129\" data-element_type=\"widget\" data-widget_type=\"heading.default\">\n\t\t\t\t\t<h2 class=\"elementor-heading-title elementor-size-default\">Download do Cat\u00e1logo<\/h2>\t\t\t\t<\/div>\n\t\t\t\t<div class=\"elementor-element elementor-element-24384eb elementor-widget elementor-widget-text-editor\" data-id=\"24384eb\" data-element_type=\"widget\" data-widget_type=\"text-editor.default\">\n\t\t\t\t\t\t\t\t\t<p>Conhe\u00e7a a linha completa da H2O Evolution e ofere\u00e7a aos seus clientes solu\u00e7\u00f5es de cuidado para todos os tipos de cabelo.<br \/><strong>Baixe o cat\u00e1logo e descubra todas as nossas linhas.<\/strong><\/p>\t\t\t\t\t\t\t\t<\/div>\n\t\t\t\t\t<\/div>\n\t\t\t\t<\/div>\n\t\t<div class=\"elementor-element elementor-element-f10ebef e-flex e-con-boxed e-con e-parent\" data-id=\"f10ebef\" data-element_type=\"container\">\n\t\t\t\t\t<div class=\"e-con-inner\">\n\t\t<div class=\"elementor-element elementor-element-cd56e30 e-con-full e-flex e-con e-child\" data-id=\"cd56e30\" data-element_type=\"container\">\n\t\t<div class=\"elementor-element elementor-element-554e33c e-con-full e-flex e-con e-child\" data-id=\"554e33c\" data-element_type=\"container\" data-settings=\"{&quot;background_background&quot;:&quot;classic&quot;,&quot;shape_divider_bottom&quot;:&quot;waves&quot;,&quot;shape_divider_bottom_negative&quot;:&quot;yes&quot;}\">\n\t\t\t\t<div class=\"elementor-shape elementor-shape-bottom\" aria-hidden=\"true\" data-negative=\"true\">\n\t\t\t<svg xmlns=\"http:\/\/www.w3.org\/2000\/svg\" viewBox=\"0 0 1000 100\" preserveAspectRatio=\"none\">\n\t<path class=\"elementor-shape-fill\" d=\"M790.5,93.1c-59.3-5.3-116.8-18-192.6-50c-29.6-12.7-76.9-31-100.5-35.9c-23.6-4.9-52.6-7.8-75.5-5.3\n\tc-10.2,1.1-22.6,1.4-50.1,7.4c-27.2,6.3-58.2,16.6-79.4,24.7c-41.3,15.9-94.9,21.9-134,22.6C72,58.2,0,25.8,0,25.8V100h1000V65.3\n\tc0,0-51.5,19.4-106.2,25.7C839.5,97,814.1,95.2,790.5,93.1z\"\/>\n<\/svg>\t\t<\/div>\n\t\t\t\t<\/div>\n\t\t\t\t<\/div>\n\t\t<div class=\"elementor-element elementor-element-f55374b e-con-full e-flex e-con e-child\" data-id=\"f55374b\" data-element_type=\"container\">\n\t\t\t\t<div class=\"elementor-element elementor-element-fa55b22 elementor-button-align-stretch elementor-widget elementor-widget-form\" data-id=\"fa55b22\" data-element_type=\"widget\" data-settings=\"{&quot;step_next_label&quot;:&quot;Next&quot;,&quot;step_previous_label&quot;:&quot;Previous&quot;,&quot;button_width&quot;:&quot;100&quot;,&quot;step_type&quot;:&quot;number_text&quot;,&quot;step_icon_shape&quot;:&quot;circle&quot;}\" data-widget_type=\"form.default\">\n\t\t\t\t\t\t\t<form class=\"elementor-form\" method=\"post\" name=\"New Form\" aria-label=\"New Form\">\n\t\t\t<input type=\"hidden\" name=\"post_id\" value=\"431\"\/>\n\t\t\t<input type=\"hidden\" name=\"form_id\" value=\"fa55b22\"\/>\n\t\t\t<input type=\"hidden\" name=\"referer_title\" value=\"Download Catalogo\" \/>\n\n\t\t\t\t\t\t\t<input type=\"hidden\" name=\"queried_id\" value=\"431\"\/>\n\t\t\t\n\t\t\t<div class=\"elementor-form-fields-wrapper elementor-labels-above\">\n\t\t\t\t\t\t\t\t<div class=\"elementor-field-type-text elementor-field-group elementor-column elementor-field-group-name elementor-col-50 elementor-field-required\">\n\t\t\t\t\t\t\t\t\t\t\t\t<label for=\"form-field-name\" class=\"elementor-field-label\">\n\t\t\t\t\t\t\t\tName\t\t\t\t\t\t\t<\/label>\n\t\t\t\t\t\t\t\t\t\t\t\t\t\t<input size=\"1\" type=\"text\" name=\"form_fields[name]\" id=\"form-field-name\" class=\"elementor-field elementor-size-sm  elementor-field-textual\" placeholder=\"Name\" required=\"required\">\n\t\t\t\t\t\t\t\t\t\t\t<\/div>\n\t\t\t\t\t\t\t\t<div class=\"elementor-field-type-email elementor-field-group elementor-column elementor-field-group-email elementor-col-50 elementor-field-required\">\n\t\t\t\t\t\t\t\t\t\t\t\t<label for=\"form-field-email\" class=\"elementor-field-label\">\n\t\t\t\t\t\t\t\tEmail\t\t\t\t\t\t\t<\/label>\n\t\t\t\t\t\t\t\t\t\t\t\t\t\t<input size=\"1\" type=\"email\" name=\"form_fields[email]\" id=\"form-field-email\" class=\"elementor-field elementor-size-sm  elementor-field-textual\" placeholder=\"Email\" required=\"required\">\n\t\t\t\t\t\t\t\t\t\t\t<\/div>\n\t\t\t\t\t\t\t\t<div class=\"elementor-field-type-tel elementor-field-group elementor-column elementor-field-group-field_5111923 elementor-col-100 elementor-field-required\">\n\t\t\t\t\t\t\t\t\t\t\t\t<label for=\"form-field-field_5111923\" class=\"elementor-field-label\">\n\t\t\t\t\t\t\t\tTelefone\t\t\t\t\t\t\t<\/label>\n\t\t\t\t\t\t\t\t<input size=\"1\" type=\"tel\" name=\"form_fields[field_5111923]\" id=\"form-field-field_5111923\" class=\"elementor-field elementor-size-sm  elementor-field-textual\" placeholder=\"Telefone\" required=\"required\" pattern=\"[0-9()#&amp;+*-=.]+\" title=\"Only numbers and phone characters (#, -, *, etc) are accepted.\">\n\n\t\t\t\t\t\t<\/div>\n\t\t\t\t\t\t\t\t<div class=\"elementor-field-type-text elementor-field-group elementor-column elementor-field-group-field_216f750 elementor-col-100 elementor-field-required\">\n\t\t\t\t\t\t\t\t\t\t\t\t<label for=\"form-field-field_216f750\" class=\"elementor-field-label\">\n\t\t\t\t\t\t\t\tEmpresa\t\t\t\t\t\t\t<\/label>\n\t\t\t\t\t\t\t\t\t\t\t\t\t\t<input size=\"1\" type=\"text\" name=\"form_fields[field_216f750]\" id=\"form-field-field_216f750\" class=\"elementor-field elementor-size-sm  elementor-field-textual\" placeholder=\"Empresa\" required=\"required\">\n\t\t\t\t\t\t\t\t\t\t\t<\/div>\n\t\t\t\t\t\t\t\t<div class=\"elementor-field-type-radio elementor-field-group elementor-column elementor-field-group-field_1f83537 elementor-col-100 elementor-field-required\">\n\t\t\t\t\t<div class=\"elementor-field-subgroup  elementor-subgroup-inline\"><span class=\"elementor-field-option\"><input type=\"radio\" value=\"representante\" id=\"form-field-field_1f83537-0\" name=\"form_fields[field_1f83537]\" required=\"required\"> <label for=\"form-field-field_1f83537-0\">Representante aut\u00f4nomo<\/label><\/span><span class=\"elementor-field-option\"><input type=\"radio\" value=\"empresa\" id=\"form-field-field_1f83537-1\" name=\"form_fields[field_1f83537]\" required=\"required\"> <label for=\"form-field-field_1f83537-1\">Empresa<\/label><\/span><\/div>\t\t\t\t<\/div>\n\t\t\t\t\t\t\t\t<div class=\"elementor-field-type-select elementor-field-group elementor-column elementor-field-group-field_7425090 elementor-col-30 elementor-field-required\">\n\t\t\t\t\t\t\t\t\t\t\t\t<label for=\"form-field-field_7425090\" class=\"elementor-field-label\">\n\t\t\t\t\t\t\t\tUF\t\t\t\t\t\t\t<\/label>\n\t\t\t\t\t\t\t\t<div class=\"elementor-field elementor-select-wrapper remove-before \">\n\t\t\t<div class=\"select-caret-down-wrapper\">\n\t\t\t\t<svg aria-hidden=\"true\" class=\"e-font-icon-svg e-eicon-caret-down\" viewBox=\"0 0 571.4 571.4\" xmlns=\"http:\/\/www.w3.org\/2000\/svg\"><path d=\"M571 393Q571 407 561 418L311 668Q300 679 286 679T261 668L11 418Q0 407 0 393T11 368 36 357H536Q550 357 561 368T571 393Z\"><\/path><\/svg>\t\t\t<\/div>\n\t\t\t<select name=\"form_fields[field_7425090]\" id=\"form-field-field_7425090\" class=\"elementor-field-textual elementor-size-sm\" required=\"required\">\n\t\t\t\t\t\t\t\t\t<option value=\"estado\">Estado<\/option>\n\t\t\t\t\t\t\t\t\t<option value=\"ac\">AC<\/option>\n\t\t\t\t\t\t\t\t\t<option value=\"al\">AL<\/option>\n\t\t\t\t\t\t\t\t\t<option value=\"ap\">AP<\/option>\n\t\t\t\t\t\t\t\t\t<option value=\"am\">AM<\/option>\n\t\t\t\t\t\t\t\t\t<option value=\"ba\">BA<\/option>\n\t\t\t\t\t\t\t\t\t<option value=\"ce\">CE<\/option>\n\t\t\t\t\t\t\t\t\t<option value=\"df\">DF<\/option>\n\t\t\t\t\t\t\t\t\t<option value=\"es\">ES<\/option>\n\t\t\t\t\t\t\t\t\t<option value=\"go\">GO<\/option>\n\t\t\t\t\t\t\t\t\t<option value=\"ma\">MA<\/option>\n\t\t\t\t\t\t\t\t\t<option value=\"mt\">MT<\/option>\n\t\t\t\t\t\t\t\t\t<option value=\"ms\">MS<\/option>\n\t\t\t\t\t\t\t\t\t<option value=\"mg\">MG<\/option>\n\t\t\t\t\t\t\t\t\t<option value=\"pa\">PA<\/option>\n\t\t\t\t\t\t\t\t\t<option value=\"pb\">PB<\/option>\n\t\t\t\t\t\t\t\t\t<option value=\"pr\">PR<\/option>\n\t\t\t\t\t\t\t\t\t<option value=\"pe\">PE<\/option>\n\t\t\t\t\t\t\t\t\t<option value=\"pi\">PI<\/option>\n\t\t\t\t\t\t\t\t\t<option value=\"rj\">RJ<\/option>\n\t\t\t\t\t\t\t\t\t<option value=\"rn\">RN<\/option>\n\t\t\t\t\t\t\t\t\t<option value=\"rs\">RS<\/option>\n\t\t\t\t\t\t\t\t\t<option value=\"ro\">RO<\/option>\n\t\t\t\t\t\t\t\t\t<option value=\"rr\">RR<\/option>\n\t\t\t\t\t\t\t\t\t<option value=\"sc\">SC<\/option>\n\t\t\t\t\t\t\t\t\t<option value=\"sp\">SP<\/option>\n\t\t\t\t\t\t\t\t\t<option value=\"se\">SE<\/option>\n\t\t\t\t\t\t\t\t\t<option value=\"to\">TO<\/option>\n\t\t\t\t\t\t\t<\/select>\n\t\t<\/div>\n\t\t\t\t\t\t<\/div>\n\t\t\t\t\t\t\t\t<div class=\"elementor-field-type-text elementor-field-group elementor-column elementor-field-group-field_e0842da elementor-col-70 elementor-field-required\">\n\t\t\t\t\t\t\t\t\t\t\t\t<label for=\"form-field-field_e0842da\" class=\"elementor-field-label\">\n\t\t\t\t\t\t\t\tCidade\t\t\t\t\t\t\t<\/label>\n\t\t\t\t\t\t\t\t\t\t\t\t\t\t<input size=\"1\" type=\"text\" name=\"form_fields[field_e0842da]\" id=\"form-field-field_e0842da\" class=\"elementor-field elementor-size-sm  elementor-field-textual\" placeholder=\"Cidade\" required=\"required\">\n\t\t\t\t\t\t\t\t\t\t\t<\/div>\n\t\t\t\t\t\t\t\t<div class=\"elementor-field-group elementor-column elementor-field-type-submit elementor-col-100 e-form__buttons\">\n\t\t\t\t\t<button class=\"elementor-button elementor-size-sm\" type=\"submit\">\n\t\t\t\t\t\t<span class=\"elementor-button-content-wrapper\">\n\t\t\t\t\t\t\t\t\t\t\t\t\t\t\t\t\t\t\t\t\t\t<span class=\"elementor-button-text\">Enviar<\/span>\n\t\t\t\t\t\t\t\t\t\t\t\t\t<\/span>\n\t\t\t\t\t<\/button>\n\t\t\t\t<\/div>\n\t\t\t<\/div>\n\t\t<\/form>\n\t\t\t\t\t\t<\/div>\n\t\t\t\t<\/div>\n\t\t\t\t\t<\/div>\n\t\t\t\t<\/div>\n\t\t\t\t<\/div>\n\t\t","protected":false},"excerpt":{"rendered":"<p>Download do Cat\u00e1logo Conhe\u00e7a a linha completa da H2O Evolution e ofere\u00e7a aos seus clientes solu\u00e7\u00f5es de cuidado para todos os tipos de cabelo.Baixe o cat\u00e1logo e descubra todas as nossas linhas.<\/p>\n","protected":false},"author":1,"featured_media":0,"parent":0,"menu_order":0,"comment_status":"closed","ping_status":"closed","template":"elementor_header_footer","meta":{"footnotes":""},"class_list":["post-431","page","type-page","status-publish","hentry"],"_links":{"self":[{"href":"https:\/\/soludigital.dev.br\/h2o\/wp-json\/wp\/v2\/pages\/431","targetHints":{"allow":["GET"]}}],"collection":[{"href":"https:\/\/soludigital.dev.br\/h2o\/wp-json\/wp\/v2\/pages"}],"about":[{"href":"https:\/\/soludigital.dev.br\/h2o\/wp-json\/wp\/v2\/types\/page"}],"author":[{"embeddable":true,"href":"https:\/\/soludigital.dev.br\/h2o\/wp-json\/wp\/v2\/users\/1"}],"replies":[{"embeddable":true,"href":"https:\/\/soludigital.dev.br\/h2o\/wp-json\/wp\/v2\/comments?post=431"}],"version-history":[{"count":19,"href":"https:\/\/soludigital.dev.br\/h2o\/wp-json\/wp\/v2\/pages\/431\/revisions"}],"predecessor-version":[{"id":1302,"href":"https:\/\/soludigital.dev.br\/h2o\/wp-json\/wp\/v2\/pages\/431\/revisions\/1302"}],"wp:attachment":[{"href":"https:\/\/soludigital.dev.br\/h2o\/wp-json\/wp\/v2\/media?parent=431"}],"curies":[{"name":"wp","href":"https:\/\/api.w.org\/{rel}","templated":true}]}}