{"id":5523,"date":"2026-01-27T18:51:56","date_gmt":"2026-01-27T21:51:56","guid":{"rendered":"https:\/\/soludigital.dev.br\/boomee\/?page_id=5523"},"modified":"2026-01-27T18:59:42","modified_gmt":"2026-01-27T21:59:42","slug":"comparativo","status":"publish","type":"page","link":"https:\/\/soludigital.dev.br\/boomee\/comparativo\/","title":{"rendered":"Comparativo"},"content":{"rendered":"\t\t<div data-elementor-type=\"wp-page\" data-elementor-id=\"5523\" class=\"elementor elementor-5523\" data-elementor-post-type=\"page\">\n\t\t\t\t<div class=\"elementor-element elementor-element-dafb1c2 e-flex e-con-boxed e-con e-parent\" data-id=\"dafb1c2\" data-element_type=\"container\" data-e-type=\"container\" data-settings=\"{&quot;background_background&quot;:&quot;classic&quot;}\">\n\t\t\t\t\t<div class=\"e-con-inner\">\n\t\t<div class=\"elementor-element elementor-element-1a58fef e-con-full e-flex e-con e-child\" data-id=\"1a58fef\" data-element_type=\"container\" data-e-type=\"container\">\n\t\t\t\t<div class=\"elementor-element elementor-element-583ef4a elementor-widget elementor-widget-heading\" data-id=\"583ef4a\" data-element_type=\"widget\" data-e-type=\"widget\" data-widget_type=\"heading.default\">\n\t\t\t\t\t<h2 class=\"elementor-heading-title elementor-size-default\">Comparativo<\/h2>\t\t\t\t<\/div>\n\t\t\t\t<\/div>\n\t\t\t\t\t<\/div>\n\t\t\t\t<\/div>\n\t\t<div class=\"elementor-element elementor-element-112bb0b e-flex e-con-boxed e-con e-parent\" data-id=\"112bb0b\" data-element_type=\"container\" data-e-type=\"container\">\n\t\t\t\t\t<div class=\"e-con-inner\">\n\t\t\t\t<div class=\"elementor-element elementor-element-c0fcf03 elementor-widget elementor-widget-shortcode\" data-id=\"c0fcf03\" data-element_type=\"widget\" data-e-type=\"widget\" data-widget_type=\"shortcode.default\">\n\t\t\t\t\t\t\t<div class=\"elementor-shortcode\"><style>\r\n    .formulario{\r\n        margin:  0 0 50px 0;\r\n    }\r\n    .formulario h2{\r\n         color: #333;\r\n        font-size: 44px;\r\n        text-align: center;\r\n    }\r\n    .formulario p{\r\n         color: #7C7C99;\r\n        font-size: 20px;\r\n        text-align: center;\r\n    }\r\n    .formulario form {\r\n        max-width: 500px;\r\n        margin: 30px auto 0 auto;\r\n        padding: 20px;\r\n        background-color: #f9f9f9;\r\n        border-radius: 8px;\r\n        box-shadow: 0 4px 8px rgba(0, 0, 0, 0.1);\r\n    }\r\n\r\n    \/* Estilo dos r\u00f3tulos (labels) *\/\r\n    .formulario label {\r\n        font-size: 16px;\r\n        color: #333;\r\n        margin-bottom: 8px;\r\n        display: block;\r\n    }\r\n\r\n    \/* Estilo dos campos de entrada *\/\r\n    .formulario input[type=\"number\"], select {\r\n        width: 100%;\r\n        padding: 10px;\r\n        margin-bottom: 16px;\r\n        border: 1px solid #ccc;\r\n        border-radius: 4px;\r\n        font-size: 16px;\r\n        color: #333;\r\n    }\r\n\r\n    \/* Estilo do bot\u00e3o de envio *\/\r\n    .formulario input[type=\"submit\"] {\r\n        background-color: #4CAF50;\r\n        color: white;\r\n        border: none;\r\n        padding: 12px 20px;\r\n        border-radius: 4px;\r\n        font-size: 16px;\r\n        cursor: pointer;\r\n        width: 100%;\r\n    }\r\n\r\n    .formulario input[type=\"submit\"]:hover {\r\n        background-color: #45a049;\r\n    }\r\n\r\n\r\n    .resultados{\r\n        margin: 50px 0 0 0;\r\n    }\r\n\r\n    .volumesDistribuidos{\r\n        margin:  0 0 50px 0;\r\n    }\r\n\r\n    \/* Estilo para espa\u00e7os entre os elementos *\/\r\n    br {\r\n        line-height: 10px;\r\n    }\r\n\r\n     table {\r\n        width: 100%;\r\n        border-collapse: collapse;\r\n        margin-top: 20px;\r\n        font-family: Arial, sans-serif;\r\n        background-color: #fff;\r\n    }\r\n    \r\n    th, td {\r\n        padding: 12px;\r\n        text-align: left;\r\n        border: 1px solid #ddd;\r\n    }\r\n    \r\n    th {\r\n        background-color: #4CAF50;\r\n        color: white;\r\n    }\r\n    \r\n    tr:nth-child(even) {\r\n        background-color: #f2f2f2;\r\n    }\r\n    \r\n    tr:hover {\r\n        background-color: #ddd;\r\n    }\r\n\r\n    td {\r\n        font-size: 14px;\r\n    }\r\n\r\n    h2 {\r\n        color: #333;\r\n        font-size: 24px;\r\n    }\r\n\r\n     .graficos{\r\n        display: flex; \r\n        align-items: stretch; \r\n        justify-content: space-between;\r\n        margin: 50px 0 0 0;\r\n    }\r\n\r\n     .graficos h2{\r\n        color: #333;\r\n        font-size: 24px;\r\n     }\r\n\r\n    .graficos .grafico{\r\n        width: 100%;\r\n        display: flex;\r\n        flex-direction: column;\r\n        align-items: center;\r\n        justify-content: flex-start;\r\n    }\r\n\r\n    \/* Estilo para definir o tamanho fixo do gr\u00e1fico *\/\r\n    #pieChart {\r\n        max-width: 550px; \/* Tamanho m\u00e1ximo desejado *\/\r\n        max-height: 350px; \/* Tamanho m\u00e1ximo desejado *\/\r\n        width: 100%; \/* Para garantir que o gr\u00e1fico seja redimensionado proporcionalmente *\/\r\n        height: auto; \/* Para garantir a propor\u00e7\u00e3o do gr\u00e1fico *\/\r\n    }\r\n\r\n    #barChart {\r\n        max-width: 700px; \/* Tamanho m\u00e1ximo desejado *\/\r\n        max-height: 700px; \/* Tamanho m\u00e1ximo desejado *\/\r\n        width: 100%; \/* Para garantir que o gr\u00e1fico seja redimensionado proporcionalmente *\/\r\n        height: auto; \/* Para garantir a propor\u00e7\u00e3o do gr\u00e1fico *\/\r\n    }\r\n\r\n    .base-resultado{ display:flex; align-items:flex-start; justify-content:flex-start; flex-direction:row; }\r\n    .base-resultado table{border-collapse: collapse; width: 65%;}\r\n    .base-resultado .grafico{margin:  0 0 0 40px;}\r\n\r\n    \/* Responsividade para telas pequenas *\/\r\n    @media (max-width: 768px) {\r\n      .graficos {\r\n        flex-direction: column;\r\n        align-items: center;\r\n      }\r\n\r\n      .grafico {\r\n        width: 100%;\r\n        margin-bottom: 20px;\r\n      }\r\n\r\n      .grafico:last-child {\r\n        margin-bottom: 0;\r\n      }\r\n    .base-resultado{ display:flex; align-items:flex-start; justify-content:flex-start; flex-direction: column;}\r\n    .base-resultado table{border-collapse: collapse; width: 100%;}\r\n    .base-resultado .grafico{margin:  40px 0 0 0;}\r\n    }\r\n\r\n    \r\n<\/style>\r\n<script src=\"https:\/\/cdn.jsdelivr.net\/npm\/chart.js\"><\/script>\r\n\r\n<div class=\"formulario\">\r\n    <h2>Comparativo de Custo de Ressarcimento<\/h2>\r\n    <p>Fa\u00e7a uma compara\u00e7\u00e3o de custos em 6 capitais brasileiras para 4 formas distintas<br \/> de ressarcimento de produto ao consumidor em rela\u00e7\u00e3o a boomee.<\/p>\r\n    <form action=\"\" method=\"POST\">\r\n        <label>Cidade Origem:<\/label>\r\n        <select name=\"origem\">\r\n            <option value=\"S\u00e3o Paulo\">S\u00e3o Paulo<\/option>\r\n            <option value=\"Belo Horizonte\">Belo Horizonte<\/option>\r\n            <option value=\"Florian\u00f3polis\">Florian\u00f3polis<\/option>\r\n            <option value=\"Salvador\">Salvador<\/option>\r\n            <option value=\"Goi\u00e2nia\">Goi\u00e2nia<\/option>\r\n            <option value=\"Manaus\">Manaus<\/option>\r\n        <\/select>\r\n\r\n        <br><br>\r\n\r\n        <label for=\"volume_total\">Total de ressarcimentos\/m\u00eas:<\/label>\r\n        <input type=\"number\" name=\"volume_total\" id=\"volume_total\" required>\r\n\r\n        <input type=\"submit\" name=\"calcular\" value=\"Calcular\">\r\n    <\/form>\r\n\r\n    <!-- Loading spinner -->\r\n    <div id=\"loading\" style=\"display: none;\">\r\n        <img decoding=\"async\" src=\"loading.gif\" alt=\"Carregando...\"> <!-- Voc\u00ea pode substituir por um \u00edcone de loading -->\r\n    <\/div>\r\n<\/div>\r\n<script>\r\n    \/\/ Mostra o loading ao submeter o formul\u00e1rio\r\n    document.getElementById('formulario').addEventListener('submit', function() {\r\n        document.getElementById('loading').style.display = 'block'; \/\/ Exibe o carregando\r\n    });\r\n<\/script>\r\n\r\n<script src=\"https:\/\/cdn.jsdelivr.net\/npm\/chartjs-plugin-datalabels\"><\/script>\r\n\r\n<script>\r\n    var valores = {\r\n        sao_paulo: ,\r\n        belo_horizonte: ,\r\n        florianopolis: ,\r\n        salvador: ,\r\n        goiania: ,\r\n        manaus:     };\r\n\r\n    var total = valores.sao_paulo + valores.belo_horizonte + valores.florianopolis + valores.salvador + valores.goiania + valores.manaus;\r\n\r\n    var porcentagens = {\r\n        sao_paulo: (valores.sao_paulo \/ total) * 100,\r\n        belo_horizonte: (valores.belo_horizonte \/ total) * 100,\r\n        florianopolis: (valores.florianopolis \/ total) * 100,\r\n        salvador: (valores.salvador \/ total) * 100,\r\n        goiania: (valores.goiania \/ total) * 100,\r\n        manaus: (valores.manaus \/ total) * 100\r\n    };\r\n\r\n    var ctx = document.getElementById('pieChart').getContext('2d');\r\n    var pieChart = new Chart(ctx, {\r\n        type: 'pie',\r\n        data: {\r\n            labels: ['S\u00e3o Paulo', 'Belo Horizonte', 'Florian\u00f3polis', 'Salvador', 'Goi\u00e2nia', 'Manaus'],\r\n            datasets: [{\r\n                label: 'Distribui\u00e7\u00e3o por Cidade',\r\n                data: [\r\n                    porcentagens.sao_paulo,\r\n                    porcentagens.belo_horizonte,\r\n                    porcentagens.florianopolis,\r\n                    porcentagens.salvador,\r\n                    porcentagens.goiania,\r\n                    porcentagens.manaus\r\n                ],\r\n                backgroundColor: ['#FF5733', '#33FF57', '#3357FF', '#FF33A6', '#33FFF7', '#F7FF33'],\r\n                borderColor: '#fff',\r\n                borderWidth: 1\r\n            }]\r\n        },\r\n        options: {\r\n            responsive: true,\r\n            plugins: {\r\n                legend: {\r\n                    position: 'bottom',\r\n                    labels: {\r\n                        boxWidth: 40,\r\n                        padding: 12,\r\n                        font: {\r\n                            weight: 'normal',\r\n                            size: 10\r\n                        }\r\n                    }\r\n                },\r\n                tooltip: {\r\n                    callbacks: {\r\n                        label: function(tooltipItem) {\r\n                            return tooltipItem.label + ': ' + tooltipItem.raw.toFixed(2) + '%';\r\n                        }\r\n                    }\r\n                },\r\n                datalabels: {\r\n                    color: '#000',\r\n                    formatter: (value) => value.toFixed(1) + '%',\r\n                    font: {\r\n                        weight: 'bold',\r\n                        size: 10\r\n                    }\r\n                }\r\n            }\r\n        },\r\n        plugins: [ChartDataLabels]\r\n    });\r\n\r\n\r\n\r\n\r\n        \/\/ Valores calculados pelo PHP para pac, sedex, courrier e boomee\r\n    var valores = {\r\n        pac: ,\r\n        sedex: ,\r\n        courrier: ,\r\n        boomee:     };\r\n\r\n    \/\/ Array com todos os valores\r\n    var dados = [valores.pac, valores.sedex, valores.courrier, valores.boomee];\r\n\r\n    \/\/ Encontrar o maior valor\r\n    var maxValor = Math.max(...dados);\r\n\r\n    \/\/ Definir o step e calcular o m\u00e1ximo da escala com arredondamento para cima\r\n    var passo = 6000;\r\n    var maxEscala = Math.ceil(maxValor \/ passo) * passo;\r\n\r\n    \/\/ Garantir um m\u00ednimo para o gr\u00e1fico n\u00e3o ficar estranho com valores baixos\r\n    if (maxEscala < passo) {\r\n        maxEscala = passo;\r\n    }\r\n\r\n    var ctx = document.getElementById('barChart').getContext('2d');\r\n    var barChart = new Chart(ctx, {\r\n        type: 'bar',\r\n        data: {\r\n            labels: ['Custo de Envio'], \/\/ Apenas uma categoria, pois cada dataset ser\u00e1 uma barra diferente\r\n            datasets: [\r\n                {\r\n                    label: 'PAC',\r\n                    data: [valores.pac],\r\n                    backgroundColor: '#3357FF',\r\n                    borderColor: '#fff',\r\n                    borderWidth: 1\r\n                },\r\n                {\r\n                    label: 'Sedex',\r\n                    data: [valores.sedex],\r\n                    backgroundColor: '#3357FF',\r\n                    borderColor: '#fff',\r\n                    borderWidth: 1\r\n                },\r\n                {\r\n                    label: 'Courrier',\r\n                    data: [valores.courrier],\r\n                    backgroundColor: '#3357FF',\r\n                    borderColor: '#fff',\r\n                    borderWidth: 1\r\n                },\r\n                {\r\n                    label: 'Boomee',\r\n                    data: [valores.boomee],\r\n                    backgroundColor: '#33FF57',\r\n                    borderColor: '#fff',\r\n                    borderWidth: 1\r\n                }\r\n            ]\r\n        },\r\n        options: {\r\n            responsive: true,\r\n            scales: {\r\n                y: {\r\n                    beginAtZero: true,\r\n                    max: maxEscala,\r\n                    ticks: {\r\n                        stepSize: passo\r\n                    }\r\n                }\r\n            },\r\n            plugins: {\r\n                legend: {\r\n                    display: true,\r\n                    position: 'top' \/\/ A legenda aparece no topo\r\n                },\r\n                tooltip: {\r\n                    callbacks: {\r\n                        label: function(tooltipItem) {\r\n                            return tooltipItem.dataset.label + ': R$ ' + tooltipItem.raw.toFixed(2);\r\n                        }\r\n                    }\r\n                }\r\n            }\r\n        }\r\n    });\r\n\r\n\r\n\r\n        <\/script>\r\n<\/div>\n\t\t\t\t\t\t<\/div>\n\t\t\t\t\t<\/div>\n\t\t\t\t<\/div>\n\t\t\t\t<\/div>\n\t\t","protected":false},"excerpt":{"rendered":"<p>Comparativo<\/p>\n","protected":false},"author":1,"featured_media":0,"parent":0,"menu_order":0,"comment_status":"closed","ping_status":"closed","template":"elementor_header_footer","meta":{"_acf_changed":false,"_joinchat":[],"footnotes":""},"class_list":["post-5523","page","type-page","status-publish","hentry"],"acf":[],"yoast_head":"<!-- This site is optimized with the Yoast SEO plugin v27.1.1 - https:\/\/yoast.com\/product\/yoast-seo-wordpress\/ -->\n<title>Comparativo - Boomee<\/title>\n<meta name=\"robots\" content=\"noindex, follow, max-snippet:-1, max-image-preview:large, max-video-preview:-1\" \/>\n<meta property=\"og:locale\" content=\"pt_BR\" \/>\n<meta property=\"og:type\" content=\"article\" \/>\n<meta property=\"og:title\" content=\"Comparativo - Boomee\" \/>\n<meta property=\"og:description\" content=\"Comparativo\" \/>\n<meta property=\"og:url\" content=\"https:\/\/soludigital.dev.br\/boomee\/comparativo\/\" \/>\n<meta property=\"og:site_name\" content=\"Boomee\" \/>\n<meta property=\"article:modified_time\" content=\"2026-01-27T21:59:42+00:00\" \/>\n<meta name=\"twitter:card\" content=\"summary_large_image\" \/>\n<script type=\"application\/ld+json\" class=\"yoast-schema-graph\">{\"@context\":\"https:\/\/schema.org\",\"@graph\":[{\"@type\":\"WebPage\",\"@id\":\"https:\/\/soludigital.dev.br\/boomee\/comparativo\/\",\"url\":\"https:\/\/soludigital.dev.br\/boomee\/comparativo\/\",\"name\":\"Comparativo - Boomee\",\"isPartOf\":{\"@id\":\"https:\/\/soludigital.dev.br\/boomee\/#website\"},\"datePublished\":\"2026-01-27T21:51:56+00:00\",\"dateModified\":\"2026-01-27T21:59:42+00:00\",\"breadcrumb\":{\"@id\":\"https:\/\/soludigital.dev.br\/boomee\/comparativo\/#breadcrumb\"},\"inLanguage\":\"pt-BR\",\"potentialAction\":[{\"@type\":\"ReadAction\",\"target\":[\"https:\/\/soludigital.dev.br\/boomee\/comparativo\/\"]}]},{\"@type\":\"BreadcrumbList\",\"@id\":\"https:\/\/soludigital.dev.br\/boomee\/comparativo\/#breadcrumb\",\"itemListElement\":[{\"@type\":\"ListItem\",\"position\":1,\"name\":\"In\u00edcio\",\"item\":\"https:\/\/soludigital.dev.br\/boomee\/\"},{\"@type\":\"ListItem\",\"position\":2,\"name\":\"Comparativo\"}]},{\"@type\":\"WebSite\",\"@id\":\"https:\/\/soludigital.dev.br\/boomee\/#website\",\"url\":\"https:\/\/soludigital.dev.br\/boomee\/\",\"name\":\"Boomee\",\"description\":\"\",\"publisher\":{\"@id\":\"https:\/\/soludigital.dev.br\/boomee\/#organization\"},\"potentialAction\":[{\"@type\":\"SearchAction\",\"target\":{\"@type\":\"EntryPoint\",\"urlTemplate\":\"https:\/\/soludigital.dev.br\/boomee\/?s={search_term_string}\"},\"query-input\":{\"@type\":\"PropertyValueSpecification\",\"valueRequired\":true,\"valueName\":\"search_term_string\"}}],\"inLanguage\":\"pt-BR\"},{\"@type\":\"Organization\",\"@id\":\"https:\/\/soludigital.dev.br\/boomee\/#organization\",\"name\":\"Boomee\",\"url\":\"https:\/\/soludigital.dev.br\/boomee\/\",\"logo\":{\"@type\":\"ImageObject\",\"inLanguage\":\"pt-BR\",\"@id\":\"https:\/\/soludigital.dev.br\/boomee\/#\/schema\/logo\/image\/\",\"url\":\"https:\/\/soludigital.dev.br\/boomee\/wp-content\/uploads\/2025\/02\/logo-boomee-verde.png\",\"contentUrl\":\"https:\/\/soludigital.dev.br\/boomee\/wp-content\/uploads\/2025\/02\/logo-boomee-verde.png\",\"width\":284,\"height\":96,\"caption\":\"Boomee\"},\"image\":{\"@id\":\"https:\/\/soludigital.dev.br\/boomee\/#\/schema\/logo\/image\/\"}}]}<\/script>\n<!-- \/ Yoast SEO plugin. -->","yoast_head_json":{"title":"Comparativo - Boomee","robots":{"index":"noindex","follow":"follow","max-snippet":"max-snippet:-1","max-image-preview":"max-image-preview:large","max-video-preview":"max-video-preview:-1"},"og_locale":"pt_BR","og_type":"article","og_title":"Comparativo - Boomee","og_description":"Comparativo","og_url":"https:\/\/soludigital.dev.br\/boomee\/comparativo\/","og_site_name":"Boomee","article_modified_time":"2026-01-27T21:59:42+00:00","twitter_card":"summary_large_image","schema":{"@context":"https:\/\/schema.org","@graph":[{"@type":"WebPage","@id":"https:\/\/soludigital.dev.br\/boomee\/comparativo\/","url":"https:\/\/soludigital.dev.br\/boomee\/comparativo\/","name":"Comparativo - Boomee","isPartOf":{"@id":"https:\/\/soludigital.dev.br\/boomee\/#website"},"datePublished":"2026-01-27T21:51:56+00:00","dateModified":"2026-01-27T21:59:42+00:00","breadcrumb":{"@id":"https:\/\/soludigital.dev.br\/boomee\/comparativo\/#breadcrumb"},"inLanguage":"pt-BR","potentialAction":[{"@type":"ReadAction","target":["https:\/\/soludigital.dev.br\/boomee\/comparativo\/"]}]},{"@type":"BreadcrumbList","@id":"https:\/\/soludigital.dev.br\/boomee\/comparativo\/#breadcrumb","itemListElement":[{"@type":"ListItem","position":1,"name":"In\u00edcio","item":"https:\/\/soludigital.dev.br\/boomee\/"},{"@type":"ListItem","position":2,"name":"Comparativo"}]},{"@type":"WebSite","@id":"https:\/\/soludigital.dev.br\/boomee\/#website","url":"https:\/\/soludigital.dev.br\/boomee\/","name":"Boomee","description":"","publisher":{"@id":"https:\/\/soludigital.dev.br\/boomee\/#organization"},"potentialAction":[{"@type":"SearchAction","target":{"@type":"EntryPoint","urlTemplate":"https:\/\/soludigital.dev.br\/boomee\/?s={search_term_string}"},"query-input":{"@type":"PropertyValueSpecification","valueRequired":true,"valueName":"search_term_string"}}],"inLanguage":"pt-BR"},{"@type":"Organization","@id":"https:\/\/soludigital.dev.br\/boomee\/#organization","name":"Boomee","url":"https:\/\/soludigital.dev.br\/boomee\/","logo":{"@type":"ImageObject","inLanguage":"pt-BR","@id":"https:\/\/soludigital.dev.br\/boomee\/#\/schema\/logo\/image\/","url":"https:\/\/soludigital.dev.br\/boomee\/wp-content\/uploads\/2025\/02\/logo-boomee-verde.png","contentUrl":"https:\/\/soludigital.dev.br\/boomee\/wp-content\/uploads\/2025\/02\/logo-boomee-verde.png","width":284,"height":96,"caption":"Boomee"},"image":{"@id":"https:\/\/soludigital.dev.br\/boomee\/#\/schema\/logo\/image\/"}}]}},"_links":{"self":[{"href":"https:\/\/soludigital.dev.br\/boomee\/wp-json\/wp\/v2\/pages\/5523","targetHints":{"allow":["GET"]}}],"collection":[{"href":"https:\/\/soludigital.dev.br\/boomee\/wp-json\/wp\/v2\/pages"}],"about":[{"href":"https:\/\/soludigital.dev.br\/boomee\/wp-json\/wp\/v2\/types\/page"}],"author":[{"embeddable":true,"href":"https:\/\/soludigital.dev.br\/boomee\/wp-json\/wp\/v2\/users\/1"}],"replies":[{"embeddable":true,"href":"https:\/\/soludigital.dev.br\/boomee\/wp-json\/wp\/v2\/comments?post=5523"}],"version-history":[{"count":37,"href":"https:\/\/soludigital.dev.br\/boomee\/wp-json\/wp\/v2\/pages\/5523\/revisions"}],"predecessor-version":[{"id":5561,"href":"https:\/\/soludigital.dev.br\/boomee\/wp-json\/wp\/v2\/pages\/5523\/revisions\/5561"}],"wp:attachment":[{"href":"https:\/\/soludigital.dev.br\/boomee\/wp-json\/wp\/v2\/media?parent=5523"}],"curies":[{"name":"wp","href":"https:\/\/api.w.org\/{rel}","templated":true}]}}