{"id":4850,"date":"2026-01-15T19:44:58","date_gmt":"2026-01-15T22:44:58","guid":{"rendered":"https:\/\/soludigital.dev.br\/boomee\/?page_id=4850"},"modified":"2026-01-21T23:01:00","modified_gmt":"2026-01-22T02:01:00","slug":"sobre","status":"publish","type":"page","link":"https:\/\/soludigital.dev.br\/boomee\/sobre\/","title":{"rendered":"Sobre"},"content":{"rendered":"\t\t<div data-elementor-type=\"wp-page\" data-elementor-id=\"4850\" class=\"elementor elementor-4850\" data-elementor-post-type=\"page\">\n\t\t\t\t<div class=\"elementor-element elementor-element-58e961d e-flex e-con-boxed e-con e-parent\" data-id=\"58e961d\" data-element_type=\"container\" data-e-type=\"container\" data-settings=\"{&quot;background_background&quot;:&quot;classic&quot;}\">\n\t\t\t\t\t<div class=\"e-con-inner\">\n\t\t<div class=\"elementor-element elementor-element-b4b8c37 e-con-full e-flex e-con e-child\" data-id=\"b4b8c37\" data-element_type=\"container\" data-e-type=\"container\">\n\t\t\t\t<div class=\"elementor-element elementor-element-48c3b6a elementor-widget elementor-widget-heading\" data-id=\"48c3b6a\" data-element_type=\"widget\" data-e-type=\"widget\" data-widget_type=\"heading.default\">\n\t\t\t\t\t<h2 class=\"elementor-heading-title elementor-size-default\">Sobre<\/h2>\t\t\t\t<\/div>\n\t\t\t\t<\/div>\n\t\t\t\t\t<\/div>\n\t\t\t\t<\/div>\n\t\t<div class=\"elementor-element elementor-element-f1dcccb e-flex e-con-boxed e-con e-parent\" data-id=\"f1dcccb\" data-element_type=\"container\" data-e-type=\"container\" data-settings=\"{&quot;background_background&quot;:&quot;classic&quot;}\">\n\t\t\t\t\t<div class=\"e-con-inner\">\n\t\t<div class=\"elementor-element elementor-element-a09ac8c e-con-full e-flex e-con e-child\" data-id=\"a09ac8c\" data-element_type=\"container\" data-e-type=\"container\" data-settings=\"{&quot;background_background&quot;:&quot;classic&quot;}\">\n\t\t<div class=\"elementor-element elementor-element-03490b7 e-con-full e-flex e-con e-child\" data-id=\"03490b7\" data-element_type=\"container\" data-e-type=\"container\">\n\t\t<div class=\"elementor-element elementor-element-5a21bc9 e-con-full e-flex e-con e-child\" data-id=\"5a21bc9\" data-element_type=\"container\" data-e-type=\"container\">\n\t\t\t\t<div class=\"elementor-element elementor-element-7bebe8e elementor-widget elementor-widget-image\" data-id=\"7bebe8e\" data-element_type=\"widget\" data-e-type=\"widget\" data-widget_type=\"image.default\">\n\t\t\t\t\t\t\t\t\t\t\t\t\t\t\t<img fetchpriority=\"high\" decoding=\"async\" width=\"512\" height=\"512\" src=\"https:\/\/soludigital.dev.br\/boomee\/wp-content\/uploads\/2025\/02\/cropped-logo-boomee.png\" class=\"attachment-large size-large wp-image-27\" alt=\"\" srcset=\"https:\/\/soludigital.dev.br\/boomee\/wp-content\/uploads\/2025\/02\/cropped-logo-boomee.png 512w, https:\/\/soludigital.dev.br\/boomee\/wp-content\/uploads\/2025\/02\/cropped-logo-boomee-300x300.png 300w, https:\/\/soludigital.dev.br\/boomee\/wp-content\/uploads\/2025\/02\/cropped-logo-boomee-150x150.png 150w\" sizes=\"(max-width: 512px) 100vw, 512px\" \/>\t\t\t\t\t\t\t\t\t\t\t\t\t\t\t<\/div>\n\t\t\t\t<\/div>\n\t\t\t\t<\/div>\n\t\t<div class=\"elementor-element elementor-element-7d1c323 e-con-full e-flex e-con e-child\" data-id=\"7d1c323\" data-element_type=\"container\" data-e-type=\"container\">\n\t\t\t\t<div class=\"elementor-element elementor-element-16a22ad elementor-widget elementor-widget-heading\" data-id=\"16a22ad\" data-element_type=\"widget\" data-e-type=\"widget\" data-widget_type=\"heading.default\">\n\t\t\t\t\t<h2 class=\"elementor-heading-title elementor-size-default\">Manifesto boomee<\/h2>\t\t\t\t<\/div>\n\t\t\t\t<div class=\"elementor-element elementor-element-8ec551d elementor-widget elementor-widget-text-editor\" data-id=\"8ec551d\" data-element_type=\"widget\" data-e-type=\"widget\" data-widget_type=\"text-editor.default\">\n\t\t\t\t\t\t\t\t\t<p>Acreditamos que servi\u00e7os de ressarcimentos devem ser r\u00e1pidos, justos e acess\u00edveis para todos. Em boomee, colocamos a tecnologia a servi\u00e7o da confian\u00e7a entre marcas e consumidores, garantindo reembolsos autom\u00e1ticos 24\/7. Operamos com efici\u00eancia, transpar\u00eancia e inova\u00e7\u00e3o, sem intermedi\u00e1rios complicados. Al\u00e9m disso, investimos no desenvolvimento de pessoas, cultivando um time \u00e1gil e comprometido.\u00a0<\/p><p><strong>Boomee: resolvendo hoje, sem esperar o amanh\u00e3, criando um mercado mais confiante, \u00e1gil e humano.<\/strong><\/p>\t\t\t\t\t\t\t\t<\/div>\n\t\t\t\t<\/div>\n\t\t<div class=\"elementor-element elementor-element-36a9f88 e-con-full e-flex e-con e-child\" data-id=\"36a9f88\" data-element_type=\"container\" data-e-type=\"container\">\n\t\t\t\t<div class=\"elementor-element elementor-element-5a4fb22 elementor-widget elementor-widget-heading\" data-id=\"5a4fb22\" data-element_type=\"widget\" data-e-type=\"widget\" data-widget_type=\"heading.default\">\n\t\t\t\t\t<h2 class=\"elementor-heading-title elementor-size-default\">Princ\u00edpios<\/h2>\t\t\t\t<\/div>\n\t\t\t\t<div class=\"elementor-element elementor-element-621de50 elementor-widget elementor-widget-text-editor\" data-id=\"621de50\" data-element_type=\"widget\" data-e-type=\"widget\" data-widget_type=\"text-editor.default\">\n\t\t\t\t\t\t\t\t\t<ul class=\"wp-block-list\"><li>N\u00e3o desenvolvemos pessoas para construir servi\u00e7os e sim, ao contr\u00e1rio, constru\u00edmos servi\u00e7os para desenvolver pessoas.\u00a0<\/li><li>Os modelos de neg\u00f3cio que desenvolvemos devem ter como dire\u00e7\u00e3o a vis\u00e3o do todo. Bom tem que ser bom para todos.<\/li><li>Toda genialidade humana ser\u00e1 bem-vinda, desde que contribua de forma \u00fanica para realizar nossos Princ\u00edpios.<\/li><li>Acreditamos que o coletivo seja maior que a soma dos indiv\u00edduos.\u00a0<\/li><li>Os mais elevados princ\u00edpios \u00e9ticos, uma das grandes constru\u00e7\u00f5es humanas, guiar\u00e3o nossas decis\u00f5es.<\/li><\/ul>\t\t\t\t\t\t\t\t<\/div>\n\t\t\t\t<\/div>\n\t\t\t\t<\/div>\n\t\t\t\t\t<\/div>\n\t\t\t\t<\/div>\n\t\t\t\t<\/div>\n\t\t","protected":false},"excerpt":{"rendered":"<p>Sobre Manifesto boomee Acreditamos que servi\u00e7os de ressarcimentos devem ser r\u00e1pidos, justos e acess\u00edveis para todos. Em boomee, colocamos a tecnologia a servi\u00e7o da confian\u00e7a entre marcas e consumidores, garantindo reembolsos autom\u00e1ticos 24\/7. Operamos com efici\u00eancia, transpar\u00eancia e inova\u00e7\u00e3o, sem intermedi\u00e1rios complicados. Al\u00e9m disso, investimos no desenvolvimento de pessoas, cultivando um time \u00e1gil e comprometido.\u00a0 [&hellip;]<\/p>\n","protected":false},"author":1,"featured_media":0,"parent":0,"menu_order":0,"comment_status":"closed","ping_status":"closed","template":"elementor_header_footer","meta":{"_acf_changed":false,"_joinchat":[],"footnotes":""},"class_list":["post-4850","page","type-page","status-publish","hentry"],"acf":[],"yoast_head":"<!-- This site is optimized with the Yoast SEO plugin v27.1.1 - https:\/\/yoast.com\/product\/yoast-seo-wordpress\/ -->\n<title>Sobre - Boomee<\/title>\n<meta name=\"robots\" content=\"noindex, follow, max-snippet:-1, max-image-preview:large, max-video-preview:-1\" \/>\n<meta property=\"og:locale\" content=\"pt_BR\" \/>\n<meta property=\"og:type\" content=\"article\" \/>\n<meta property=\"og:title\" content=\"Sobre - Boomee\" \/>\n<meta property=\"og:description\" content=\"Sobre Manifesto boomee Acreditamos que servi\u00e7os de ressarcimentos devem ser r\u00e1pidos, justos e acess\u00edveis para todos. Em boomee, colocamos a tecnologia a servi\u00e7o da confian\u00e7a entre marcas e consumidores, garantindo reembolsos autom\u00e1ticos 24\/7. Operamos com efici\u00eancia, transpar\u00eancia e inova\u00e7\u00e3o, sem intermedi\u00e1rios complicados. Al\u00e9m disso, investimos no desenvolvimento de pessoas, cultivando um time \u00e1gil e comprometido.\u00a0 [&hellip;]\" \/>\n<meta property=\"og:url\" content=\"https:\/\/soludigital.dev.br\/boomee\/sobre\/\" \/>\n<meta property=\"og:site_name\" content=\"Boomee\" \/>\n<meta property=\"article:modified_time\" content=\"2026-01-22T02:01:00+00:00\" \/>\n<meta property=\"og:image\" content=\"https:\/\/soludigital.dev.br\/boomee\/wp-content\/uploads\/2025\/02\/cropped-logo-boomee.png\" \/>\n\t<meta property=\"og:image:width\" content=\"512\" \/>\n\t<meta property=\"og:image:height\" content=\"512\" \/>\n\t<meta property=\"og:image:type\" content=\"image\/png\" \/>\n<meta name=\"twitter:card\" content=\"summary_large_image\" \/>\n<meta name=\"twitter:label1\" content=\"Est. tempo de leitura\" \/>\n\t<meta name=\"twitter:data1\" content=\"1 minuto\" \/>\n<script type=\"application\/ld+json\" class=\"yoast-schema-graph\">{\"@context\":\"https:\/\/schema.org\",\"@graph\":[{\"@type\":\"WebPage\",\"@id\":\"https:\/\/soludigital.dev.br\/boomee\/sobre\/\",\"url\":\"https:\/\/soludigital.dev.br\/boomee\/sobre\/\",\"name\":\"Sobre - Boomee\",\"isPartOf\":{\"@id\":\"https:\/\/soludigital.dev.br\/boomee\/#website\"},\"primaryImageOfPage\":{\"@id\":\"https:\/\/soludigital.dev.br\/boomee\/sobre\/#primaryimage\"},\"image\":{\"@id\":\"https:\/\/soludigital.dev.br\/boomee\/sobre\/#primaryimage\"},\"thumbnailUrl\":\"https:\/\/soludigital.dev.br\/boomee\/wp-content\/uploads\/2025\/02\/cropped-logo-boomee.png\",\"datePublished\":\"2026-01-15T22:44:58+00:00\",\"dateModified\":\"2026-01-22T02:01:00+00:00\",\"breadcrumb\":{\"@id\":\"https:\/\/soludigital.dev.br\/boomee\/sobre\/#breadcrumb\"},\"inLanguage\":\"pt-BR\",\"potentialAction\":[{\"@type\":\"ReadAction\",\"target\":[\"https:\/\/soludigital.dev.br\/boomee\/sobre\/\"]}]},{\"@type\":\"ImageObject\",\"inLanguage\":\"pt-BR\",\"@id\":\"https:\/\/soludigital.dev.br\/boomee\/sobre\/#primaryimage\",\"url\":\"https:\/\/soludigital.dev.br\/boomee\/wp-content\/uploads\/2025\/02\/cropped-logo-boomee.png\",\"contentUrl\":\"https:\/\/soludigital.dev.br\/boomee\/wp-content\/uploads\/2025\/02\/cropped-logo-boomee.png\",\"width\":512,\"height\":512},{\"@type\":\"BreadcrumbList\",\"@id\":\"https:\/\/soludigital.dev.br\/boomee\/sobre\/#breadcrumb\",\"itemListElement\":[{\"@type\":\"ListItem\",\"position\":1,\"name\":\"In\u00edcio\",\"item\":\"https:\/\/soludigital.dev.br\/boomee\/\"},{\"@type\":\"ListItem\",\"position\":2,\"name\":\"Sobre\"}]},{\"@type\":\"WebSite\",\"@id\":\"https:\/\/soludigital.dev.br\/boomee\/#website\",\"url\":\"https:\/\/soludigital.dev.br\/boomee\/\",\"name\":\"Boomee\",\"description\":\"\",\"publisher\":{\"@id\":\"https:\/\/soludigital.dev.br\/boomee\/#organization\"},\"potentialAction\":[{\"@type\":\"SearchAction\",\"target\":{\"@type\":\"EntryPoint\",\"urlTemplate\":\"https:\/\/soludigital.dev.br\/boomee\/?s={search_term_string}\"},\"query-input\":{\"@type\":\"PropertyValueSpecification\",\"valueRequired\":true,\"valueName\":\"search_term_string\"}}],\"inLanguage\":\"pt-BR\"},{\"@type\":\"Organization\",\"@id\":\"https:\/\/soludigital.dev.br\/boomee\/#organization\",\"name\":\"Boomee\",\"url\":\"https:\/\/soludigital.dev.br\/boomee\/\",\"logo\":{\"@type\":\"ImageObject\",\"inLanguage\":\"pt-BR\",\"@id\":\"https:\/\/soludigital.dev.br\/boomee\/#\/schema\/logo\/image\/\",\"url\":\"https:\/\/soludigital.dev.br\/boomee\/wp-content\/uploads\/2025\/02\/logo-boomee-verde.png\",\"contentUrl\":\"https:\/\/soludigital.dev.br\/boomee\/wp-content\/uploads\/2025\/02\/logo-boomee-verde.png\",\"width\":284,\"height\":96,\"caption\":\"Boomee\"},\"image\":{\"@id\":\"https:\/\/soludigital.dev.br\/boomee\/#\/schema\/logo\/image\/\"}}]}<\/script>\n<!-- \/ Yoast SEO plugin. -->","yoast_head_json":{"title":"Sobre - Boomee","robots":{"index":"noindex","follow":"follow","max-snippet":"max-snippet:-1","max-image-preview":"max-image-preview:large","max-video-preview":"max-video-preview:-1"},"og_locale":"pt_BR","og_type":"article","og_title":"Sobre - Boomee","og_description":"Sobre Manifesto boomee Acreditamos que servi\u00e7os de ressarcimentos devem ser r\u00e1pidos, justos e acess\u00edveis para todos. Em boomee, colocamos a tecnologia a servi\u00e7o da confian\u00e7a entre marcas e consumidores, garantindo reembolsos autom\u00e1ticos 24\/7. Operamos com efici\u00eancia, transpar\u00eancia e inova\u00e7\u00e3o, sem intermedi\u00e1rios complicados. Al\u00e9m disso, investimos no desenvolvimento de pessoas, cultivando um time \u00e1gil e comprometido.\u00a0 [&hellip;]","og_url":"https:\/\/soludigital.dev.br\/boomee\/sobre\/","og_site_name":"Boomee","article_modified_time":"2026-01-22T02:01:00+00:00","og_image":[{"width":512,"height":512,"url":"https:\/\/soludigital.dev.br\/boomee\/wp-content\/uploads\/2025\/02\/cropped-logo-boomee.png","type":"image\/png"}],"twitter_card":"summary_large_image","twitter_misc":{"Est. tempo de leitura":"1 minuto"},"schema":{"@context":"https:\/\/schema.org","@graph":[{"@type":"WebPage","@id":"https:\/\/soludigital.dev.br\/boomee\/sobre\/","url":"https:\/\/soludigital.dev.br\/boomee\/sobre\/","name":"Sobre - Boomee","isPartOf":{"@id":"https:\/\/soludigital.dev.br\/boomee\/#website"},"primaryImageOfPage":{"@id":"https:\/\/soludigital.dev.br\/boomee\/sobre\/#primaryimage"},"image":{"@id":"https:\/\/soludigital.dev.br\/boomee\/sobre\/#primaryimage"},"thumbnailUrl":"https:\/\/soludigital.dev.br\/boomee\/wp-content\/uploads\/2025\/02\/cropped-logo-boomee.png","datePublished":"2026-01-15T22:44:58+00:00","dateModified":"2026-01-22T02:01:00+00:00","breadcrumb":{"@id":"https:\/\/soludigital.dev.br\/boomee\/sobre\/#breadcrumb"},"inLanguage":"pt-BR","potentialAction":[{"@type":"ReadAction","target":["https:\/\/soludigital.dev.br\/boomee\/sobre\/"]}]},{"@type":"ImageObject","inLanguage":"pt-BR","@id":"https:\/\/soludigital.dev.br\/boomee\/sobre\/#primaryimage","url":"https:\/\/soludigital.dev.br\/boomee\/wp-content\/uploads\/2025\/02\/cropped-logo-boomee.png","contentUrl":"https:\/\/soludigital.dev.br\/boomee\/wp-content\/uploads\/2025\/02\/cropped-logo-boomee.png","width":512,"height":512},{"@type":"BreadcrumbList","@id":"https:\/\/soludigital.dev.br\/boomee\/sobre\/#breadcrumb","itemListElement":[{"@type":"ListItem","position":1,"name":"In\u00edcio","item":"https:\/\/soludigital.dev.br\/boomee\/"},{"@type":"ListItem","position":2,"name":"Sobre"}]},{"@type":"WebSite","@id":"https:\/\/soludigital.dev.br\/boomee\/#website","url":"https:\/\/soludigital.dev.br\/boomee\/","name":"Boomee","description":"","publisher":{"@id":"https:\/\/soludigital.dev.br\/boomee\/#organization"},"potentialAction":[{"@type":"SearchAction","target":{"@type":"EntryPoint","urlTemplate":"https:\/\/soludigital.dev.br\/boomee\/?s={search_term_string}"},"query-input":{"@type":"PropertyValueSpecification","valueRequired":true,"valueName":"search_term_string"}}],"inLanguage":"pt-BR"},{"@type":"Organization","@id":"https:\/\/soludigital.dev.br\/boomee\/#organization","name":"Boomee","url":"https:\/\/soludigital.dev.br\/boomee\/","logo":{"@type":"ImageObject","inLanguage":"pt-BR","@id":"https:\/\/soludigital.dev.br\/boomee\/#\/schema\/logo\/image\/","url":"https:\/\/soludigital.dev.br\/boomee\/wp-content\/uploads\/2025\/02\/logo-boomee-verde.png","contentUrl":"https:\/\/soludigital.dev.br\/boomee\/wp-content\/uploads\/2025\/02\/logo-boomee-verde.png","width":284,"height":96,"caption":"Boomee"},"image":{"@id":"https:\/\/soludigital.dev.br\/boomee\/#\/schema\/logo\/image\/"}}]}},"_links":{"self":[{"href":"https:\/\/soludigital.dev.br\/boomee\/wp-json\/wp\/v2\/pages\/4850","targetHints":{"allow":["GET"]}}],"collection":[{"href":"https:\/\/soludigital.dev.br\/boomee\/wp-json\/wp\/v2\/pages"}],"about":[{"href":"https:\/\/soludigital.dev.br\/boomee\/wp-json\/wp\/v2\/types\/page"}],"author":[{"embeddable":true,"href":"https:\/\/soludigital.dev.br\/boomee\/wp-json\/wp\/v2\/users\/1"}],"replies":[{"embeddable":true,"href":"https:\/\/soludigital.dev.br\/boomee\/wp-json\/wp\/v2\/comments?post=4850"}],"version-history":[{"count":34,"href":"https:\/\/soludigital.dev.br\/boomee\/wp-json\/wp\/v2\/pages\/4850\/revisions"}],"predecessor-version":[{"id":5043,"href":"https:\/\/soludigital.dev.br\/boomee\/wp-json\/wp\/v2\/pages\/4850\/revisions\/5043"}],"wp:attachment":[{"href":"https:\/\/soludigital.dev.br\/boomee\/wp-json\/wp\/v2\/media?parent=4850"}],"curies":[{"name":"wp","href":"https:\/\/api.w.org\/{rel}","templated":true}]}}