{"id":4839,"date":"2026-01-15T19:42:44","date_gmt":"2026-01-15T22:42:44","guid":{"rendered":"https:\/\/soludigital.dev.br\/boomee\/?page_id=4839"},"modified":"2026-01-27T10:33:28","modified_gmt":"2026-01-27T13:33:28","slug":"solucoes","status":"publish","type":"page","link":"https:\/\/soludigital.dev.br\/boomee\/solucoes\/","title":{"rendered":"Solu\u00e7\u00f5es"},"content":{"rendered":"\t\t<div data-elementor-type=\"wp-page\" data-elementor-id=\"4839\" class=\"elementor elementor-4839\" data-elementor-post-type=\"page\">\n\t\t\t\t<div class=\"elementor-element elementor-element-09057ab e-flex e-con-boxed e-con e-parent\" data-id=\"09057ab\" data-element_type=\"container\" data-e-type=\"container\" data-settings=\"{&quot;background_background&quot;:&quot;classic&quot;}\">\n\t\t\t\t\t<div class=\"e-con-inner\">\n\t\t<div class=\"elementor-element elementor-element-a49e1d8 e-con-full e-flex e-con e-child\" data-id=\"a49e1d8\" data-element_type=\"container\" data-e-type=\"container\">\n\t\t\t\t<\/div>\n\t\t\t\t\t<\/div>\n\t\t\t\t<\/div>\n\t\t<div class=\"elementor-element elementor-element-6e50f0b e-flex e-con-boxed e-con e-parent\" data-id=\"6e50f0b\" data-element_type=\"container\" data-e-type=\"container\">\n\t\t\t\t\t<div class=\"e-con-inner\">\n\t\t<div class=\"elementor-element elementor-element-f55998d e-con-full e-flex e-con e-child\" data-id=\"f55998d\" data-element_type=\"container\" data-e-type=\"container\" data-settings=\"{&quot;background_background&quot;:&quot;classic&quot;}\">\n\t\t<div class=\"elementor-element elementor-element-351a269 e-con-full e-flex e-con e-child\" data-id=\"351a269\" data-element_type=\"container\" data-e-type=\"container\">\n\t\t\t\t<div class=\"elementor-element elementor-element-7081861 elementor-widget__width-initial elementor-widget elementor-widget-image\" data-id=\"7081861\" data-element_type=\"widget\" data-e-type=\"widget\" data-widget_type=\"image.default\">\n\t\t\t\t\t\t\t\t\t\t\t\t\t\t\t<img fetchpriority=\"high\" decoding=\"async\" width=\"406\" height=\"403\" src=\"https:\/\/soludigital.dev.br\/boomee\/wp-content\/uploads\/2025\/06\/icone-solucoes-1.png\" class=\"attachment-large size-large wp-image-4620\" alt=\"\" srcset=\"https:\/\/soludigital.dev.br\/boomee\/wp-content\/uploads\/2025\/06\/icone-solucoes-1.png 406w, https:\/\/soludigital.dev.br\/boomee\/wp-content\/uploads\/2025\/06\/icone-solucoes-1-300x298.png 300w, https:\/\/soludigital.dev.br\/boomee\/wp-content\/uploads\/2025\/06\/icone-solucoes-1-150x150.png 150w\" sizes=\"(max-width: 406px) 100vw, 406px\" \/>\t\t\t\t\t\t\t\t\t\t\t\t\t\t\t<\/div>\n\t\t\t\t<div class=\"elementor-element elementor-element-10c6537 elementor-widget elementor-widget-heading\" data-id=\"10c6537\" data-element_type=\"widget\" data-e-type=\"widget\" data-widget_type=\"heading.default\">\n\t\t\t\t\t<h2 class=\"elementor-heading-title elementor-size-default\">Ressarcimento de Produto:<\/h2>\t\t\t\t<\/div>\n\t\t\t\t<\/div>\n\t\t<div class=\"elementor-element elementor-element-e79f5a0 e-con-full e-flex e-con e-child\" data-id=\"e79f5a0\" data-element_type=\"container\" data-e-type=\"container\">\n\t\t\t\t<div class=\"elementor-element elementor-element-0160b80 elementor-widget elementor-widget-text-editor\" data-id=\"0160b80\" data-element_type=\"widget\" data-e-type=\"widget\" data-widget_type=\"text-editor.default\">\n\t\t\t\t\t\t\t\t\t<p>O ressarcimento de produto garante que os consumidores ter\u00e3o uma experi\u00eancia positiva com outra amostra do produto reclamado, fortalecendo o v\u00ednculo com a marca. Voc\u00ea pode ressarcir aos consumidores com o mesmo produto reclamado ou com outro produto inclusive, definindo a quantidade total de unidades.<\/p><p>Depois de criado o cupom de ressarcimento, via Dashboard boomee, integra\u00e7\u00e3o via API ou importa\u00e7\u00e3o de planilha espec\u00edfica, os consumidores s\u00e3o notificados.<\/p><p>Para concluir, basta ele seguir as instru\u00e7\u00f5es do boomee Cloud APP, comprar o produto que tem direito e receber o valor da compra em sua conta banc\u00e1ria.<\/p>\t\t\t\t\t\t\t\t<\/div>\n\t\t\t\t<div class=\"elementor-element elementor-element-48a59f0 elementor-icon-list--layout-traditional elementor-list-item-link-full_width elementor-widget elementor-widget-icon-list\" data-id=\"48a59f0\" data-element_type=\"widget\" data-e-type=\"widget\" data-widget_type=\"icon-list.default\">\n\t\t\t\t\t\t\t<ul class=\"elementor-icon-list-items\">\n\t\t\t\t\t\t\t<li class=\"elementor-icon-list-item\">\n\t\t\t\t\t\t\t\t\t\t\t<span class=\"elementor-icon-list-icon\">\n\t\t\t\t\t\t\t<svg aria-hidden=\"true\" class=\"e-font-icon-svg e-fas-check\" viewBox=\"0 0 512 512\" xmlns=\"http:\/\/www.w3.org\/2000\/svg\"><path d=\"M173.898 439.404l-166.4-166.4c-9.997-9.997-9.997-26.206 0-36.204l36.203-36.204c9.997-9.998 26.207-9.998 36.204 0L192 312.69 432.095 72.596c9.997-9.997 26.207-9.997 36.204 0l36.203 36.204c9.997 9.997 9.997 26.206 0 36.204l-294.4 294.401c-9.998 9.997-26.207 9.997-36.204-.001z\"><\/path><\/svg>\t\t\t\t\t\t<\/span>\n\t\t\t\t\t\t\t\t\t\t<span class=\"elementor-icon-list-text\">Processo simples e r\u00e1pido<\/span>\n\t\t\t\t\t\t\t\t\t<\/li>\n\t\t\t\t\t\t\t\t<li class=\"elementor-icon-list-item\">\n\t\t\t\t\t\t\t\t\t\t\t<span class=\"elementor-icon-list-icon\">\n\t\t\t\t\t\t\t<svg aria-hidden=\"true\" class=\"e-font-icon-svg e-fas-check\" viewBox=\"0 0 512 512\" xmlns=\"http:\/\/www.w3.org\/2000\/svg\"><path d=\"M173.898 439.404l-166.4-166.4c-9.997-9.997-9.997-26.206 0-36.204l36.203-36.204c9.997-9.998 26.207-9.998 36.204 0L192 312.69 432.095 72.596c9.997-9.997 26.207-9.997 36.204 0l36.203 36.204c9.997 9.997 9.997 26.206 0 36.204l-294.4 294.401c-9.998 9.997-26.207 9.997-36.204-.001z\"><\/path><\/svg>\t\t\t\t\t\t<\/span>\n\t\t\t\t\t\t\t\t\t\t<span class=\"elementor-icon-list-text\">Atendimento 24\/7<\/span>\n\t\t\t\t\t\t\t\t\t<\/li>\n\t\t\t\t\t\t\t\t<li class=\"elementor-icon-list-item\">\n\t\t\t\t\t\t\t\t\t\t\t<span class=\"elementor-icon-list-icon\">\n\t\t\t\t\t\t\t<svg aria-hidden=\"true\" class=\"e-font-icon-svg e-fas-check\" viewBox=\"0 0 512 512\" xmlns=\"http:\/\/www.w3.org\/2000\/svg\"><path d=\"M173.898 439.404l-166.4-166.4c-9.997-9.997-9.997-26.206 0-36.204l36.203-36.204c9.997-9.998 26.207-9.998 36.204 0L192 312.69 432.095 72.596c9.997-9.997 26.207-9.997 36.204 0l36.203 36.204c9.997 9.997 9.997 26.206 0 36.204l-294.4 294.401c-9.998 9.997-26.207 9.997-36.204-.001z\"><\/path><\/svg>\t\t\t\t\t\t<\/span>\n\t\t\t\t\t\t\t\t\t\t<span class=\"elementor-icon-list-text\">Integra\u00e7\u00e3o via API<\/span>\n\t\t\t\t\t\t\t\t\t<\/li>\n\t\t\t\t\t\t<\/ul>\n\t\t\t\t\t\t<\/div>\n\t\t\t\t<\/div>\n\t\t\t\t<\/div>\n\t\t\t\t\t<\/div>\n\t\t\t\t<\/div>\n\t\t<div class=\"elementor-element elementor-element-481bf2d e-flex e-con-boxed e-con e-parent\" data-id=\"481bf2d\" data-element_type=\"container\" data-e-type=\"container\">\n\t\t\t\t\t<div class=\"e-con-inner\">\n\t\t<div class=\"elementor-element elementor-element-bf4cabe e-con-full e-flex e-con e-child\" data-id=\"bf4cabe\" data-element_type=\"container\" data-e-type=\"container\">\n\t\t\t\t<div class=\"elementor-element elementor-element-90bb34e elementor-widget elementor-widget-heading\" data-id=\"90bb34e\" data-element_type=\"widget\" data-e-type=\"widget\" data-widget_type=\"heading.default\">\n\t\t\t\t\t<h2 class=\"elementor-heading-title elementor-size-default\">Processo de Ressarcimento<\/h2>\t\t\t\t<\/div>\n\t\t<div class=\"elementor-element elementor-element-53e231f e-grid e-con-full e-con e-child\" data-id=\"53e231f\" data-element_type=\"container\" data-e-type=\"container\">\n\t\t<div class=\"elementor-element elementor-element-a637e19 e-con-full e-flex e-con e-child\" data-id=\"a637e19\" data-element_type=\"container\" data-e-type=\"container\" data-settings=\"{&quot;background_background&quot;:&quot;gradient&quot;}\">\n\t\t\t\t<div class=\"elementor-element elementor-element-47cdc96 elementor-widget elementor-widget-image\" data-id=\"47cdc96\" data-element_type=\"widget\" data-e-type=\"widget\" data-widget_type=\"image.default\">\n\t\t\t\t\t\t\t\t\t\t\t\t\t\t\t<img decoding=\"async\" width=\"111\" height=\"127\" src=\"https:\/\/soludigital.dev.br\/boomee\/wp-content\/uploads\/2025\/06\/Asset-2.png\" class=\"attachment-large size-large wp-image-4625\" alt=\"\" \/>\t\t\t\t\t\t\t\t\t\t\t\t\t\t\t<\/div>\n\t\t\t\t<div class=\"elementor-element elementor-element-d8b338e elementor-widget elementor-widget-text-editor\" data-id=\"d8b338e\" data-element_type=\"widget\" data-e-type=\"widget\" data-widget_type=\"text-editor.default\">\n\t\t\t\t\t\t\t\t\t<p>Consumidor<br \/>Reclama de um<br \/>produto no SAC<br \/>que decidiu o<br \/>ressarcimento por<br \/>Produto ou Cash.<\/p>\t\t\t\t\t\t\t\t<\/div>\n\t\t\t\t<\/div>\n\t\t<div class=\"elementor-element elementor-element-045961e e-con-full e-flex e-con e-child\" data-id=\"045961e\" data-element_type=\"container\" data-e-type=\"container\" data-settings=\"{&quot;background_background&quot;:&quot;gradient&quot;}\">\n\t\t\t\t<div class=\"elementor-element elementor-element-9bc5d8c elementor-widget elementor-widget-image\" data-id=\"9bc5d8c\" data-element_type=\"widget\" data-e-type=\"widget\" data-widget_type=\"image.default\">\n\t\t\t\t\t\t\t\t\t\t\t\t\t\t\t<img decoding=\"async\" width=\"172\" height=\"128\" src=\"https:\/\/soludigital.dev.br\/boomee\/wp-content\/uploads\/2025\/06\/Asset-3.png\" class=\"attachment-large size-large wp-image-4626\" alt=\"\" \/>\t\t\t\t\t\t\t\t\t\t\t\t\t\t\t<\/div>\n\t\t\t\t<div class=\"elementor-element elementor-element-8e88e62 elementor-widget elementor-widget-text-editor\" data-id=\"8e88e62\" data-element_type=\"widget\" data-e-type=\"widget\" data-widget_type=\"text-editor.default\">\n\t\t\t\t\t\t\t\t\t<p>SAC acessa<br \/>plataforma boomee e<br \/>gera os cupons de<br \/>ressarcimento, que<br \/>s\u00e3o enviados<br \/>automaticamente aos<br \/>consumidores.<\/p>\t\t\t\t\t\t\t\t<\/div>\n\t\t\t\t<\/div>\n\t\t<div class=\"elementor-element elementor-element-30188e5 e-con-full e-flex e-con e-child\" data-id=\"30188e5\" data-element_type=\"container\" data-e-type=\"container\" data-settings=\"{&quot;background_background&quot;:&quot;gradient&quot;}\">\n\t\t\t\t<div class=\"elementor-element elementor-element-def0c32 elementor-widget elementor-widget-image\" data-id=\"def0c32\" data-element_type=\"widget\" data-e-type=\"widget\" data-widget_type=\"image.default\">\n\t\t\t\t\t\t\t\t\t\t\t\t\t\t\t<img loading=\"lazy\" decoding=\"async\" width=\"146\" height=\"127\" src=\"https:\/\/soludigital.dev.br\/boomee\/wp-content\/uploads\/2025\/06\/Asset-4.png\" class=\"attachment-large size-large wp-image-4627\" alt=\"\" \/>\t\t\t\t\t\t\t\t\t\t\t\t\t\t\t<\/div>\n\t\t\t\t<div class=\"elementor-element elementor-element-828a39a elementor-widget elementor-widget-text-editor\" data-id=\"828a39a\" data-element_type=\"widget\" data-e-type=\"widget\" data-widget_type=\"text-editor.default\">\n\t\t\t\t\t\t\t\t\t<p>Consumidor recebe<br \/>o cupom digital. Se<br \/>for ressarcimento<br \/>por Produto, faz a<br \/>compra do produto.<br \/>Se for ressarcimento<br \/>via Cash, informa<br \/>dados banc\u00e1rios.<\/p>\t\t\t\t\t\t\t\t<\/div>\n\t\t\t\t<\/div>\n\t\t<div class=\"elementor-element elementor-element-a27f377 e-con-full e-flex e-con e-child\" data-id=\"a27f377\" data-element_type=\"container\" data-e-type=\"container\" data-settings=\"{&quot;background_background&quot;:&quot;gradient&quot;}\">\n\t\t\t\t<div class=\"elementor-element elementor-element-f965b3d elementor-widget elementor-widget-image\" data-id=\"f965b3d\" data-element_type=\"widget\" data-e-type=\"widget\" data-widget_type=\"image.default\">\n\t\t\t\t\t\t\t\t\t\t\t\t\t\t\t<img decoding=\"async\" width=\"172\" height=\"128\" src=\"https:\/\/soludigital.dev.br\/boomee\/wp-content\/uploads\/2025\/06\/Asset-3.png\" class=\"attachment-large size-large wp-image-4626\" alt=\"\" \/>\t\t\t\t\t\t\t\t\t\t\t\t\t\t\t<\/div>\n\t\t\t\t<div class=\"elementor-element elementor-element-94d6bad elementor-widget elementor-widget-text-editor\" data-id=\"94d6bad\" data-element_type=\"widget\" data-e-type=\"widget\" data-widget_type=\"text-editor.default\">\n\t\t\t\t\t\t\t\t\t<p>Atrav\u00e9s do boomee<br \/>cloud app, coletamos<br \/>dados de compra e<br \/>banc\u00e1rio.<\/p>\t\t\t\t\t\t\t\t<\/div>\n\t\t\t\t<\/div>\n\t\t<div class=\"elementor-element elementor-element-8620e79 e-con-full e-flex e-con e-child\" data-id=\"8620e79\" data-element_type=\"container\" data-e-type=\"container\" data-settings=\"{&quot;background_background&quot;:&quot;gradient&quot;}\">\n\t\t\t\t<div class=\"elementor-element elementor-element-577aad4 elementor-widget elementor-widget-image\" data-id=\"577aad4\" data-element_type=\"widget\" data-e-type=\"widget\" data-widget_type=\"image.default\">\n\t\t\t\t\t\t\t\t\t\t\t\t\t\t\t<img loading=\"lazy\" decoding=\"async\" width=\"120\" height=\"148\" src=\"https:\/\/soludigital.dev.br\/boomee\/wp-content\/uploads\/2025\/06\/Asset-6.png\" class=\"attachment-large size-large wp-image-4630\" alt=\"\" \/>\t\t\t\t\t\t\t\t\t\t\t\t\t\t\t<\/div>\n\t\t\t\t<div class=\"elementor-element elementor-element-967a32f elementor-widget elementor-widget-text-editor\" data-id=\"967a32f\" data-element_type=\"widget\" data-e-type=\"widget\" data-widget_type=\"text-editor.default\">\n\t\t\t\t\t\t\t\t\t<p>Consumidor recebe<br \/>dep\u00f3sito do valor<br \/>total da compra do<br \/>produto ressarcido<br \/>ou o valor do<br \/>ressarcimento, 24\u00d77<\/p>\t\t\t\t\t\t\t\t<\/div>\n\t\t\t\t<\/div>\n\t\t\t\t<\/div>\n\t\t\t\t<\/div>\n\t\t\t\t\t<\/div>\n\t\t\t\t<\/div>\n\t\t<div class=\"elementor-element elementor-element-459aca7 e-flex e-con-boxed e-con e-parent\" data-id=\"459aca7\" data-element_type=\"container\" data-e-type=\"container\">\n\t\t\t\t\t<div class=\"e-con-inner\">\n\t\t<div class=\"elementor-element elementor-element-2f7fce7 e-con-full e-flex e-con e-child\" data-id=\"2f7fce7\" data-element_type=\"container\" data-e-type=\"container\" data-settings=\"{&quot;background_background&quot;:&quot;classic&quot;}\">\n\t\t<div class=\"elementor-element elementor-element-fc1d6e3 e-con-full e-flex e-con e-child\" data-id=\"fc1d6e3\" data-element_type=\"container\" data-e-type=\"container\">\n\t\t\t\t<div class=\"elementor-element elementor-element-8c8c9b8 elementor-widget__width-initial elementor-widget elementor-widget-image\" data-id=\"8c8c9b8\" data-element_type=\"widget\" data-e-type=\"widget\" data-widget_type=\"image.default\">\n\t\t\t\t\t\t\t\t\t\t\t\t\t\t\t<img loading=\"lazy\" decoding=\"async\" width=\"403\" height=\"404\" src=\"https:\/\/soludigital.dev.br\/boomee\/wp-content\/uploads\/2025\/06\/icone-solucoes-2.png\" class=\"attachment-large size-large wp-image-4621\" alt=\"\" srcset=\"https:\/\/soludigital.dev.br\/boomee\/wp-content\/uploads\/2025\/06\/icone-solucoes-2.png 403w, https:\/\/soludigital.dev.br\/boomee\/wp-content\/uploads\/2025\/06\/icone-solucoes-2-300x300.png 300w, https:\/\/soludigital.dev.br\/boomee\/wp-content\/uploads\/2025\/06\/icone-solucoes-2-150x150.png 150w\" sizes=\"(max-width: 403px) 100vw, 403px\" \/>\t\t\t\t\t\t\t\t\t\t\t\t\t\t\t<\/div>\n\t\t\t\t<div class=\"elementor-element elementor-element-2e4af4f elementor-widget elementor-widget-heading\" data-id=\"2e4af4f\" data-element_type=\"widget\" data-e-type=\"widget\" data-widget_type=\"heading.default\">\n\t\t\t\t\t<h2 class=\"elementor-heading-title elementor-size-default\">Ressarcimento em Dinheiro:<\/h2>\t\t\t\t<\/div>\n\t\t\t\t<\/div>\n\t\t<div class=\"elementor-element elementor-element-54b82b0 e-con-full e-flex e-con e-child\" data-id=\"54b82b0\" data-element_type=\"container\" data-e-type=\"container\">\n\t\t\t\t<div class=\"elementor-element elementor-element-a3d40be elementor-widget elementor-widget-text-editor\" data-id=\"a3d40be\" data-element_type=\"widget\" data-e-type=\"widget\" data-widget_type=\"text-editor.default\">\n\t\t\t\t\t\t\t\t\t<p>Em casos onde os consumidores n\u00e3o desejam mais o produto, temos o servi\u00e7o de ressarcimento financeiro, onde o SAC cria um cupom de ressarcimento com valor predefinido, por meio do Dashboard boomee, importando uma planilha exclusiva ou por meio de integra\u00e7\u00e3o via API com seu CRM. Os consumidores s\u00e3o automaticamente notificados. Coletamos os dados banc\u00e1rios, validamos estes dados e procedemos com o pagamento.<\/p><p>Em ambos os servi\u00e7os, oferecemos a central de atendimento boomee para que os consumidores tirem suas d\u00favidas e para corre\u00e7\u00e3o de erros, como dados banc\u00e1rios. Entregamos aos nossos clientes o ressarcimento conclu\u00eddo, sem impacto adicional \u00e0 sua opera\u00e7\u00e3o de SAC.<\/p><p>Faturamos no final do m\u00eas o servi\u00e7o e os valores ressarcidos.<\/p>\t\t\t\t\t\t\t\t<\/div>\n\t\t\t\t<\/div>\n\t\t\t\t<\/div>\n\t\t\t\t\t<\/div>\n\t\t\t\t<\/div>\n\t\t\t\t<\/div>\n\t\t","protected":false},"excerpt":{"rendered":"<p>Ressarcimento de Produto: O ressarcimento de produto garante que os consumidores ter\u00e3o uma experi\u00eancia positiva com outra amostra do produto reclamado, fortalecendo o v\u00ednculo com a marca. Voc\u00ea pode ressarcir aos consumidores com o mesmo produto reclamado ou com outro produto inclusive, definindo a quantidade total de unidades. Depois de criado o cupom de ressarcimento, [&hellip;]<\/p>\n","protected":false},"author":1,"featured_media":0,"parent":0,"menu_order":0,"comment_status":"closed","ping_status":"closed","template":"elementor_header_footer","meta":{"_acf_changed":false,"_joinchat":[],"footnotes":""},"class_list":["post-4839","page","type-page","status-publish","hentry"],"acf":[],"yoast_head":"<!-- This site is optimized with the Yoast SEO plugin v27.1.1 - https:\/\/yoast.com\/product\/yoast-seo-wordpress\/ -->\n<title>Solu\u00e7\u00f5es - Boomee<\/title>\n<meta name=\"robots\" content=\"noindex, follow, max-snippet:-1, max-image-preview:large, max-video-preview:-1\" \/>\n<meta property=\"og:locale\" content=\"pt_BR\" \/>\n<meta property=\"og:type\" content=\"article\" \/>\n<meta property=\"og:title\" content=\"Solu\u00e7\u00f5es - Boomee\" \/>\n<meta property=\"og:description\" content=\"Ressarcimento de Produto: O ressarcimento de produto garante que os consumidores ter\u00e3o uma experi\u00eancia positiva com outra amostra do produto reclamado, fortalecendo o v\u00ednculo com a marca. Voc\u00ea pode ressarcir aos consumidores com o mesmo produto reclamado ou com outro produto inclusive, definindo a quantidade total de unidades. Depois de criado o cupom de ressarcimento, [&hellip;]\" \/>\n<meta property=\"og:url\" content=\"https:\/\/soludigital.dev.br\/boomee\/solucoes\/\" \/>\n<meta property=\"og:site_name\" content=\"Boomee\" \/>\n<meta property=\"article:modified_time\" content=\"2026-01-27T13:33:28+00:00\" \/>\n<meta property=\"og:image\" content=\"https:\/\/soludigital.dev.br\/boomee\/wp-content\/uploads\/2025\/06\/icone-solucoes-1.png\" \/>\n\t<meta property=\"og:image:width\" content=\"406\" \/>\n\t<meta property=\"og:image:height\" content=\"403\" \/>\n\t<meta property=\"og:image:type\" content=\"image\/png\" \/>\n<meta name=\"twitter:card\" content=\"summary_large_image\" \/>\n<meta name=\"twitter:label1\" content=\"Est. tempo de leitura\" \/>\n\t<meta name=\"twitter:data1\" content=\"2 minutos\" \/>\n<script type=\"application\/ld+json\" class=\"yoast-schema-graph\">{\"@context\":\"https:\/\/schema.org\",\"@graph\":[{\"@type\":\"WebPage\",\"@id\":\"https:\/\/soludigital.dev.br\/boomee\/solucoes\/\",\"url\":\"https:\/\/soludigital.dev.br\/boomee\/solucoes\/\",\"name\":\"Solu\u00e7\u00f5es - Boomee\",\"isPartOf\":{\"@id\":\"https:\/\/soludigital.dev.br\/boomee\/#website\"},\"primaryImageOfPage\":{\"@id\":\"https:\/\/soludigital.dev.br\/boomee\/solucoes\/#primaryimage\"},\"image\":{\"@id\":\"https:\/\/soludigital.dev.br\/boomee\/solucoes\/#primaryimage\"},\"thumbnailUrl\":\"https:\/\/soludigital.dev.br\/boomee\/wp-content\/uploads\/2025\/06\/icone-solucoes-1.png\",\"datePublished\":\"2026-01-15T22:42:44+00:00\",\"dateModified\":\"2026-01-27T13:33:28+00:00\",\"breadcrumb\":{\"@id\":\"https:\/\/soludigital.dev.br\/boomee\/solucoes\/#breadcrumb\"},\"inLanguage\":\"pt-BR\",\"potentialAction\":[{\"@type\":\"ReadAction\",\"target\":[\"https:\/\/soludigital.dev.br\/boomee\/solucoes\/\"]}]},{\"@type\":\"ImageObject\",\"inLanguage\":\"pt-BR\",\"@id\":\"https:\/\/soludigital.dev.br\/boomee\/solucoes\/#primaryimage\",\"url\":\"https:\/\/soludigital.dev.br\/boomee\/wp-content\/uploads\/2025\/06\/icone-solucoes-1.png\",\"contentUrl\":\"https:\/\/soludigital.dev.br\/boomee\/wp-content\/uploads\/2025\/06\/icone-solucoes-1.png\",\"width\":406,\"height\":403},{\"@type\":\"BreadcrumbList\",\"@id\":\"https:\/\/soludigital.dev.br\/boomee\/solucoes\/#breadcrumb\",\"itemListElement\":[{\"@type\":\"ListItem\",\"position\":1,\"name\":\"In\u00edcio\",\"item\":\"https:\/\/soludigital.dev.br\/boomee\/\"},{\"@type\":\"ListItem\",\"position\":2,\"name\":\"Solu\u00e7\u00f5es\"}]},{\"@type\":\"WebSite\",\"@id\":\"https:\/\/soludigital.dev.br\/boomee\/#website\",\"url\":\"https:\/\/soludigital.dev.br\/boomee\/\",\"name\":\"Boomee\",\"description\":\"\",\"publisher\":{\"@id\":\"https:\/\/soludigital.dev.br\/boomee\/#organization\"},\"potentialAction\":[{\"@type\":\"SearchAction\",\"target\":{\"@type\":\"EntryPoint\",\"urlTemplate\":\"https:\/\/soludigital.dev.br\/boomee\/?s={search_term_string}\"},\"query-input\":{\"@type\":\"PropertyValueSpecification\",\"valueRequired\":true,\"valueName\":\"search_term_string\"}}],\"inLanguage\":\"pt-BR\"},{\"@type\":\"Organization\",\"@id\":\"https:\/\/soludigital.dev.br\/boomee\/#organization\",\"name\":\"Boomee\",\"url\":\"https:\/\/soludigital.dev.br\/boomee\/\",\"logo\":{\"@type\":\"ImageObject\",\"inLanguage\":\"pt-BR\",\"@id\":\"https:\/\/soludigital.dev.br\/boomee\/#\/schema\/logo\/image\/\",\"url\":\"https:\/\/soludigital.dev.br\/boomee\/wp-content\/uploads\/2025\/02\/logo-boomee-verde.png\",\"contentUrl\":\"https:\/\/soludigital.dev.br\/boomee\/wp-content\/uploads\/2025\/02\/logo-boomee-verde.png\",\"width\":284,\"height\":96,\"caption\":\"Boomee\"},\"image\":{\"@id\":\"https:\/\/soludigital.dev.br\/boomee\/#\/schema\/logo\/image\/\"}}]}<\/script>\n<!-- \/ Yoast SEO plugin. -->","yoast_head_json":{"title":"Solu\u00e7\u00f5es - Boomee","robots":{"index":"noindex","follow":"follow","max-snippet":"max-snippet:-1","max-image-preview":"max-image-preview:large","max-video-preview":"max-video-preview:-1"},"og_locale":"pt_BR","og_type":"article","og_title":"Solu\u00e7\u00f5es - Boomee","og_description":"Ressarcimento de Produto: O ressarcimento de produto garante que os consumidores ter\u00e3o uma experi\u00eancia positiva com outra amostra do produto reclamado, fortalecendo o v\u00ednculo com a marca. Voc\u00ea pode ressarcir aos consumidores com o mesmo produto reclamado ou com outro produto inclusive, definindo a quantidade total de unidades. Depois de criado o cupom de ressarcimento, [&hellip;]","og_url":"https:\/\/soludigital.dev.br\/boomee\/solucoes\/","og_site_name":"Boomee","article_modified_time":"2026-01-27T13:33:28+00:00","og_image":[{"width":406,"height":403,"url":"https:\/\/soludigital.dev.br\/boomee\/wp-content\/uploads\/2025\/06\/icone-solucoes-1.png","type":"image\/png"}],"twitter_card":"summary_large_image","twitter_misc":{"Est. tempo de leitura":"2 minutos"},"schema":{"@context":"https:\/\/schema.org","@graph":[{"@type":"WebPage","@id":"https:\/\/soludigital.dev.br\/boomee\/solucoes\/","url":"https:\/\/soludigital.dev.br\/boomee\/solucoes\/","name":"Solu\u00e7\u00f5es - Boomee","isPartOf":{"@id":"https:\/\/soludigital.dev.br\/boomee\/#website"},"primaryImageOfPage":{"@id":"https:\/\/soludigital.dev.br\/boomee\/solucoes\/#primaryimage"},"image":{"@id":"https:\/\/soludigital.dev.br\/boomee\/solucoes\/#primaryimage"},"thumbnailUrl":"https:\/\/soludigital.dev.br\/boomee\/wp-content\/uploads\/2025\/06\/icone-solucoes-1.png","datePublished":"2026-01-15T22:42:44+00:00","dateModified":"2026-01-27T13:33:28+00:00","breadcrumb":{"@id":"https:\/\/soludigital.dev.br\/boomee\/solucoes\/#breadcrumb"},"inLanguage":"pt-BR","potentialAction":[{"@type":"ReadAction","target":["https:\/\/soludigital.dev.br\/boomee\/solucoes\/"]}]},{"@type":"ImageObject","inLanguage":"pt-BR","@id":"https:\/\/soludigital.dev.br\/boomee\/solucoes\/#primaryimage","url":"https:\/\/soludigital.dev.br\/boomee\/wp-content\/uploads\/2025\/06\/icone-solucoes-1.png","contentUrl":"https:\/\/soludigital.dev.br\/boomee\/wp-content\/uploads\/2025\/06\/icone-solucoes-1.png","width":406,"height":403},{"@type":"BreadcrumbList","@id":"https:\/\/soludigital.dev.br\/boomee\/solucoes\/#breadcrumb","itemListElement":[{"@type":"ListItem","position":1,"name":"In\u00edcio","item":"https:\/\/soludigital.dev.br\/boomee\/"},{"@type":"ListItem","position":2,"name":"Solu\u00e7\u00f5es"}]},{"@type":"WebSite","@id":"https:\/\/soludigital.dev.br\/boomee\/#website","url":"https:\/\/soludigital.dev.br\/boomee\/","name":"Boomee","description":"","publisher":{"@id":"https:\/\/soludigital.dev.br\/boomee\/#organization"},"potentialAction":[{"@type":"SearchAction","target":{"@type":"EntryPoint","urlTemplate":"https:\/\/soludigital.dev.br\/boomee\/?s={search_term_string}"},"query-input":{"@type":"PropertyValueSpecification","valueRequired":true,"valueName":"search_term_string"}}],"inLanguage":"pt-BR"},{"@type":"Organization","@id":"https:\/\/soludigital.dev.br\/boomee\/#organization","name":"Boomee","url":"https:\/\/soludigital.dev.br\/boomee\/","logo":{"@type":"ImageObject","inLanguage":"pt-BR","@id":"https:\/\/soludigital.dev.br\/boomee\/#\/schema\/logo\/image\/","url":"https:\/\/soludigital.dev.br\/boomee\/wp-content\/uploads\/2025\/02\/logo-boomee-verde.png","contentUrl":"https:\/\/soludigital.dev.br\/boomee\/wp-content\/uploads\/2025\/02\/logo-boomee-verde.png","width":284,"height":96,"caption":"Boomee"},"image":{"@id":"https:\/\/soludigital.dev.br\/boomee\/#\/schema\/logo\/image\/"}}]}},"_links":{"self":[{"href":"https:\/\/soludigital.dev.br\/boomee\/wp-json\/wp\/v2\/pages\/4839","targetHints":{"allow":["GET"]}}],"collection":[{"href":"https:\/\/soludigital.dev.br\/boomee\/wp-json\/wp\/v2\/pages"}],"about":[{"href":"https:\/\/soludigital.dev.br\/boomee\/wp-json\/wp\/v2\/types\/page"}],"author":[{"embeddable":true,"href":"https:\/\/soludigital.dev.br\/boomee\/wp-json\/wp\/v2\/users\/1"}],"replies":[{"embeddable":true,"href":"https:\/\/soludigital.dev.br\/boomee\/wp-json\/wp\/v2\/comments?post=4839"}],"version-history":[{"count":43,"href":"https:\/\/soludigital.dev.br\/boomee\/wp-json\/wp\/v2\/pages\/4839\/revisions"}],"predecessor-version":[{"id":5252,"href":"https:\/\/soludigital.dev.br\/boomee\/wp-json\/wp\/v2\/pages\/4839\/revisions\/5252"}],"wp:attachment":[{"href":"https:\/\/soludigital.dev.br\/boomee\/wp-json\/wp\/v2\/media?parent=4839"}],"curies":[{"name":"wp","href":"https:\/\/api.w.org\/{rel}","templated":true}]}}